{"id":64,"date":"2018-07-16T10:08:11","date_gmt":"2018-07-16T10:08:11","guid":{"rendered":"http:\/\/demo.acmethemes.com\/lawyer-zone\/?page_id=28"},"modified":"2020-07-14T18:59:55","modified_gmt":"2020-07-14T21:59:55","slug":"trabalhista","status":"publish","type":"page","link":"https:\/\/novadvogados.com.br\/site\/trabalhista\/","title":{"rendered":"Trabalhista"},"content":{"rendered":"<p class=\"p1\"><span class=\"s1\">A equipe de especialistas em Direito Trabalhista da Lopes &amp; Vasconcelos atua na din\u00e2mica das rela\u00e7\u00f5es empresariais, de modo que direitos e deveres de empregados e empregadores sejam respeitados, de acordo com a observ\u00e2ncia da CLT &#8211; Consolida\u00e7\u00e3o das Leis do Trabalho. Atuamos de forma preventiva e contenciosa, intermediando conflitos com o objetivo de contribuir para a preserva\u00e7\u00e3o das estruturas de trabalho e emprego.<\/span><\/p>\n<p class=\"p1\"><span class=\"s1\">Para agendar um atendimento exclusivo, envie um e-mail para contato@novadvogados.com.br.<\/span><\/p>\n","protected":false},"excerpt":{"rendered":"<p>Atuamos em prol da din\u00e2mica das rela\u00e7\u00f5es empresariais, preservando as estruturas de trabalho e emprego<\/p>\n","protected":false},"author":1,"featured_media":0,"parent":0,"menu_order":0,"comment_status":"closed","ping_status":"closed","template":"","meta":{"footnotes":""},"class_list":["post-64","page","type-page","status-publish","hentry"],"_links":{"self":[{"href":"https:\/\/novadvogados.com.br\/site\/wp-json\/wp\/v2\/pages\/64","targetHints":{"allow":["GET"]}}],"collection":[{"href":"https:\/\/novadvogados.com.br\/site\/wp-json\/wp\/v2\/pages"}],"about":[{"href":"https:\/\/novadvogados.com.br\/site\/wp-json\/wp\/v2\/types\/page"}],"author":[{"embeddable":true,"href":"https:\/\/novadvogados.com.br\/site\/wp-json\/wp\/v2\/users\/1"}],"replies":[{"embeddable":true,"href":"https:\/\/novadvogados.com.br\/site\/wp-json\/wp\/v2\/comments?post=64"}],"version-history":[{"count":7,"href":"https:\/\/novadvogados.com.br\/site\/wp-json\/wp\/v2\/pages\/64\/revisions"}],"predecessor-version":[{"id":344,"href":"https:\/\/novadvogados.com.br\/site\/wp-json\/wp\/v2\/pages\/64\/revisions\/344"}],"wp:attachment":[{"href":"https:\/\/novadvogados.com.br\/site\/wp-json\/wp\/v2\/media?parent=64"}],"curies":[{"name":"wp","href":"https:\/\/api.w.org\/{rel}","templated":true}]}}