{"id":63,"date":"2018-07-16T10:08:50","date_gmt":"2018-07-16T10:08:50","guid":{"rendered":"http:\/\/demo.acmethemes.com\/lawyer-zone\/?page_id=30"},"modified":"2020-07-14T18:49:39","modified_gmt":"2020-07-14T21:49:39","slug":"empresarial","status":"publish","type":"page","link":"https:\/\/novadvogados.com.br\/site\/empresarial\/","title":{"rendered":"Empresarial"},"content":{"rendered":"<p align=\"justify\"><span class=\"s1\">A Lopes &amp; Vasconcelos Sociedade de Advogados \u00e9 especialista nos v\u00e9rtices do sistema de Direito Empresarial com foco na \u00e1rea societ\u00e1ria. Sua atua\u00e7\u00e3o segue as regras e princ\u00edpios que estabelecem os direitos e deveres da empresa e do empres\u00e1rio, envolvendo o trabalho preventivo, como a an\u00e1lise e revis\u00e3o de contratos, bem como a atua\u00e7\u00e3o jur\u00eddica que permite regular as transa\u00e7\u00f5es econ\u00f4micas privadas, como circula\u00e7\u00e3o de bens e servi\u00e7os que visa o lucro, bem como recupera\u00e7\u00e3o de cr\u00e9dito e demais quest\u00f5es de relacionamento societ\u00e1rio.\u00a0<\/span><\/p>\n<p class=\"p1\"><span class=\"s1\">Para agendar um atendimento exclusivo, envie um e-mail para contato@novadvogados.com.br.<\/span><\/p>\n\n\n<p><\/p>\n","protected":false},"excerpt":{"rendered":"<p>Nossa atua\u00e7\u00e3o jur\u00eddica na esfera empresarial contempla todas as quest\u00f5es empresariais e de relacionamento societ\u00e1rio<\/p>\n","protected":false},"author":1,"featured_media":0,"parent":0,"menu_order":0,"comment_status":"closed","ping_status":"closed","template":"","meta":{"footnotes":""},"class_list":["post-63","page","type-page","status-publish","hentry"],"_links":{"self":[{"href":"https:\/\/novadvogados.com.br\/site\/wp-json\/wp\/v2\/pages\/63","targetHints":{"allow":["GET"]}}],"collection":[{"href":"https:\/\/novadvogados.com.br\/site\/wp-json\/wp\/v2\/pages"}],"about":[{"href":"https:\/\/novadvogados.com.br\/site\/wp-json\/wp\/v2\/types\/page"}],"author":[{"embeddable":true,"href":"https:\/\/novadvogados.com.br\/site\/wp-json\/wp\/v2\/users\/1"}],"replies":[{"embeddable":true,"href":"https:\/\/novadvogados.com.br\/site\/wp-json\/wp\/v2\/comments?post=63"}],"version-history":[{"count":16,"href":"https:\/\/novadvogados.com.br\/site\/wp-json\/wp\/v2\/pages\/63\/revisions"}],"predecessor-version":[{"id":343,"href":"https:\/\/novadvogados.com.br\/site\/wp-json\/wp\/v2\/pages\/63\/revisions\/343"}],"wp:attachment":[{"href":"https:\/\/novadvogados.com.br\/site\/wp-json\/wp\/v2\/media?parent=63"}],"curies":[{"name":"wp","href":"https:\/\/api.w.org\/{rel}","templated":true}]}}