{"id":62,"date":"2018-07-16T10:09:08","date_gmt":"2018-07-16T10:09:08","guid":{"rendered":"http:\/\/demo.acmethemes.com\/lawyer-zone\/?page_id=32"},"modified":"2020-07-14T19:11:42","modified_gmt":"2020-07-14T22:11:42","slug":"tributario","status":"publish","type":"page","link":"https:\/\/novadvogados.com.br\/site\/tributario\/","title":{"rendered":"Tribut\u00e1rio"},"content":{"rendered":"<p class=\"p1\"><span class=\"s1\">A Lopes &amp; Vasconcelos Sociedade de Advogados conta com profissionais que atuam em auditoria e planejamento tribut\u00e1rio, estabelecendo um conjunto de sistemas legais que viabilizam opera\u00e7\u00f5es l\u00edcitas visando a economia fiscal.<\/span><\/p>\n<p class=\"p1\"><span class=\"s1\">Para agendar um atendimento exclusivo, envie um e-mail para contato@novadvogados.com.br.<\/span><\/p>\n\n\n<p><\/p>\n","protected":false},"excerpt":{"rendered":"<p>Estabelecemos um conjunto de sistemas legais que regulam as rela\u00e7\u00f5es jur\u00eddicas entre o Estado e a pessoa jur\u00eddica<\/p>\n","protected":false},"author":1,"featured_media":0,"parent":0,"menu_order":0,"comment_status":"closed","ping_status":"closed","template":"","meta":{"footnotes":""},"class_list":["post-62","page","type-page","status-publish","hentry"],"_links":{"self":[{"href":"https:\/\/novadvogados.com.br\/site\/wp-json\/wp\/v2\/pages\/62","targetHints":{"allow":["GET"]}}],"collection":[{"href":"https:\/\/novadvogados.com.br\/site\/wp-json\/wp\/v2\/pages"}],"about":[{"href":"https:\/\/novadvogados.com.br\/site\/wp-json\/wp\/v2\/types\/page"}],"author":[{"embeddable":true,"href":"https:\/\/novadvogados.com.br\/site\/wp-json\/wp\/v2\/users\/1"}],"replies":[{"embeddable":true,"href":"https:\/\/novadvogados.com.br\/site\/wp-json\/wp\/v2\/comments?post=62"}],"version-history":[{"count":5,"href":"https:\/\/novadvogados.com.br\/site\/wp-json\/wp\/v2\/pages\/62\/revisions"}],"predecessor-version":[{"id":346,"href":"https:\/\/novadvogados.com.br\/site\/wp-json\/wp\/v2\/pages\/62\/revisions\/346"}],"wp:attachment":[{"href":"https:\/\/novadvogados.com.br\/site\/wp-json\/wp\/v2\/media?parent=62"}],"curies":[{"name":"wp","href":"https:\/\/api.w.org\/{rel}","templated":true}]}}