{"id":36,"date":"2018-07-16T10:54:33","date_gmt":"2018-07-16T10:54:33","guid":{"rendered":"http:\/\/demo.acmethemes.com\/lawyer-zone\/?page_id=114"},"modified":"2020-06-12T00:06:36","modified_gmt":"2020-06-12T03:06:36","slug":"gestaotributaria","status":"publish","type":"page","link":"https:\/\/novadvogados.com.br\/site\/gestaotributaria\/","title":{"rendered":"Gest\u00e3o Tribut\u00e1ria"},"content":{"rendered":"<p>Atuamos com planejamento e gest\u00e3o tribut\u00e1ria, estabelecendo um conjunto de sistemas legais que viabilizam opera\u00e7\u00f5es l\u00edcitas visando&nbsp;economia fiscal.<\/p>\n","protected":false},"excerpt":{"rendered":"<p>Atuamos com planejamento e gest\u00e3o tribut\u00e1ria, estabelecendo um conjunto de sistemas legais que viabilizam opera\u00e7\u00f5es l\u00edcitas visando&nbsp;economia fiscal.<\/p>\n","protected":false},"author":1,"featured_media":129,"parent":0,"menu_order":0,"comment_status":"closed","ping_status":"closed","template":"","meta":{"footnotes":""},"class_list":["post-36","page","type-page","status-publish","has-post-thumbnail","hentry"],"_links":{"self":[{"href":"https:\/\/novadvogados.com.br\/site\/wp-json\/wp\/v2\/pages\/36","targetHints":{"allow":["GET"]}}],"collection":[{"href":"https:\/\/novadvogados.com.br\/site\/wp-json\/wp\/v2\/pages"}],"about":[{"href":"https:\/\/novadvogados.com.br\/site\/wp-json\/wp\/v2\/types\/page"}],"author":[{"embeddable":true,"href":"https:\/\/novadvogados.com.br\/site\/wp-json\/wp\/v2\/users\/1"}],"replies":[{"embeddable":true,"href":"https:\/\/novadvogados.com.br\/site\/wp-json\/wp\/v2\/comments?post=36"}],"version-history":[{"count":3,"href":"https:\/\/novadvogados.com.br\/site\/wp-json\/wp\/v2\/pages\/36\/revisions"}],"predecessor-version":[{"id":251,"href":"https:\/\/novadvogados.com.br\/site\/wp-json\/wp\/v2\/pages\/36\/revisions\/251"}],"wp:featuredmedia":[{"embeddable":true,"href":"https:\/\/novadvogados.com.br\/site\/wp-json\/wp\/v2\/media\/129"}],"wp:attachment":[{"href":"https:\/\/novadvogados.com.br\/site\/wp-json\/wp\/v2\/media?parent=36"}],"curies":[{"name":"wp","href":"https:\/\/api.w.org\/{rel}","templated":true}]}}