{"id":29,"date":"2018-07-16T10:58:07","date_gmt":"2018-07-16T10:58:07","guid":{"rendered":"http:\/\/demo.acmethemes.com\/lawyer-zone\/?page_id=128"},"modified":"2022-07-21T11:05:08","modified_gmt":"2022-07-21T14:05:08","slug":"civel","status":"publish","type":"page","link":"https:\/\/novadvogados.com.br\/site\/civel\/","title":{"rendered":"C\u00edvel"},"content":{"rendered":"\n<div class=\"wp-block-group\"><div class=\"wp-block-group__inner-container is-layout-flow wp-block-group-is-layout-flow\">\n<p align=\"justify\"><span class=\"s1\">Com base nos par\u00e2metros do C\u00f3digo Civil Brasileiro que rege os aspectos legais comuns as rela\u00e7\u00f5es de uma sociedade, os profissionais da Lopes &amp; Vasconcelos atuam com desenvoltura nessa \u00e1rea do Direito, delineando solu\u00e7\u00f5es efetivas para a atividade empresarial no \u00e2mbito privado, seja em car\u00e1ter consultivo, no sentido de planejar e estabelecer diretrizes para prevenir problemas com a legisla\u00e7\u00e3o vigente ou de forma contenciosa para solucionar cada situa\u00e7\u00e3o de lit\u00edgio. Tendo como principal diferencial uma equipe com perfil din\u00e2mico e proativo, contribu\u00edmos de forma expressiva para alavancar os resultados de cada cliente.&nbsp;<\/span><\/p>\n<p class=\"p1\"><span class=\"s1\">Para agendar um atendimento exclusivo, envie um e-mail para <a href=\"mailto:contato@novadvogados.com.br\">contato@novadvogados.com.br<\/a>.<\/span><\/p>\n<\/div><\/div>\n\n\n\n<p><\/p>\n","protected":false},"excerpt":{"rendered":"<p>O nosso diferencial na \u00e1rea c\u00edvel \u00e9 a atua\u00e7\u00e3o direta e proativa para delinear solu\u00e7\u00f5es efetivas para a atividade empresarial<\/p>\n","protected":false},"author":1,"featured_media":131,"parent":0,"menu_order":0,"comment_status":"closed","ping_status":"closed","template":"","meta":{"footnotes":""},"class_list":["post-29","page","type-page","status-publish","has-post-thumbnail","hentry"],"_links":{"self":[{"href":"https:\/\/novadvogados.com.br\/site\/wp-json\/wp\/v2\/pages\/29","targetHints":{"allow":["GET"]}}],"collection":[{"href":"https:\/\/novadvogados.com.br\/site\/wp-json\/wp\/v2\/pages"}],"about":[{"href":"https:\/\/novadvogados.com.br\/site\/wp-json\/wp\/v2\/types\/page"}],"author":[{"embeddable":true,"href":"https:\/\/novadvogados.com.br\/site\/wp-json\/wp\/v2\/users\/1"}],"replies":[{"embeddable":true,"href":"https:\/\/novadvogados.com.br\/site\/wp-json\/wp\/v2\/comments?post=29"}],"version-history":[{"count":18,"href":"https:\/\/novadvogados.com.br\/site\/wp-json\/wp\/v2\/pages\/29\/revisions"}],"predecessor-version":[{"id":381,"href":"https:\/\/novadvogados.com.br\/site\/wp-json\/wp\/v2\/pages\/29\/revisions\/381"}],"wp:featuredmedia":[{"embeddable":true,"href":"https:\/\/novadvogados.com.br\/site\/wp-json\/wp\/v2\/media\/131"}],"wp:attachment":[{"href":"https:\/\/novadvogados.com.br\/site\/wp-json\/wp\/v2\/media?parent=29"}],"curies":[{"name":"wp","href":"https:\/\/api.w.org\/{rel}","templated":true}]}}