{"id":28,"date":"2018-07-16T11:04:50","date_gmt":"2018-07-16T11:04:50","guid":{"rendered":"http:\/\/demo.acmethemes.com\/lawyer-zone\/?page_id=143"},"modified":"2020-06-19T19:41:03","modified_gmt":"2020-06-19T22:41:03","slug":"quemsomos","status":"publish","type":"page","link":"https:\/\/novadvogados.com.br\/site\/quemsomos\/","title":{"rendered":"Quem somos"},"content":{"rendered":"<div id=\"pl-28\"  class=\"panel-layout\" ><div id=\"pg-28-0\"  class=\"panel-grid panel-no-style\" ><div id=\"pgc-28-0-0\"  class=\"panel-grid-cell\" ><div id=\"panel-28-0-0-0\" class=\"so-panel widget widget_text panel-first-child panel-last-child\" data-index=\"0\" ><div class=\"panel-widget-style panel-widget-style-for-28-0-0-0\" >\t\t\t<div class=\"textwidget\"><p class=\"p1\"><span class=\"s1\"><img loading=\"lazy\" decoding=\"async\" class=\"wp-image-261 size-large aligncenter\" src=\"http:\/\/novadvogadosprov1.hospedagemdesites.ws\/site\/wp-content\/uploads\/2020\/06\/LopesVasconcelos-1-1024x427.jpg\" alt=\"\" width=\"640\" height=\"267\" srcset=\"https:\/\/novadvogados.com.br\/site\/wp-content\/uploads\/2020\/06\/LopesVasconcelos-1-1024x427.jpg 1024w, https:\/\/novadvogados.com.br\/site\/wp-content\/uploads\/2020\/06\/LopesVasconcelos-1-300x125.jpg 300w, https:\/\/novadvogados.com.br\/site\/wp-content\/uploads\/2020\/06\/LopesVasconcelos-1-768x320.jpg 768w, https:\/\/novadvogados.com.br\/site\/wp-content\/uploads\/2020\/06\/LopesVasconcelos-1-1536x640.jpg 1536w, https:\/\/novadvogados.com.br\/site\/wp-content\/uploads\/2020\/06\/LopesVasconcelos-1.jpg 1920w\" sizes=\"auto, (max-width: 640px) 100vw, 640px\" \/><\/span><\/p>\n<p>&nbsp;<\/p>\n<p align=\"justify\">Com sede em S\u00e3o Paulo, capital, a <strong>Lopes &amp; Vasconcelos Sociedade de Advogados<\/strong> \u00e9 especialista em Direito Empresarial com foco na \u00e1rea societ\u00e1ria.<\/p>\n<p align=\"justify\"><span class=\"s1\">Seu perfil din\u00e2mico, proativo e focado em resultados, contribui para alavancar a atividade empresarial de seus clientes em novos patamares com reconhecida excel\u00eancia. Dispomos dos mais atuais recursos tecnol\u00f3gicos e uma metodologia de trabalho que garantem total efici\u00eancia, mas acreditamos que construir uma rela\u00e7\u00e3o de respeito e transpar\u00eancia com cada cliente, permite que a nossa atua\u00e7\u00e3o seja uma for\u00e7a propulsora para o seu neg\u00f3cio, gerando benef\u00edcios sustent\u00e1veis a todos os envolvidos, sociedade e meio ambiente. <\/span><\/p>\n<p align=\"justify\"><span class=\"s1\">Diante das particularidades de cada caso e do perfil de cada cliente, primamos pelo atendimento personalizado para auferirmos melhores resultados. Conhe\u00e7a nossos diretores.<\/span><\/p>\n<p align=\"justify\"><em><strong><span class=\"s1\">Jeazi Lopes de Oliveira <\/span><\/strong><\/em><\/p>\n<p align=\"justify\"><span class=\"s1\">Advogado \u2022 <\/span><span class=\"s1\">Formado pela Universidade\u00a0Bandeirantes, 2005. Especializa\u00e7\u00e3o\u00a0em Direito Processual Civil pela\u00a0EPD. Especializa\u00e7\u00e3o em Direito\u00a0Tribut\u00e1rio pela FMU.<\/span><\/p>\n<p align=\"justify\"><em><strong><span class=\"s1\">Jos\u00e9 Renato de Almeida\u00a0Vasconcelos<\/span><\/strong><\/em><\/p>\n<p align=\"justify\"><span class=\"s1\">Advogado \u2022 <\/span><span class=\"s1\">Formado pela Universidade\u00a0Bandeirantes, 2005. Especializa\u00e7\u00e3o\u00a0em Direito Empresarial pela\u00a0Universidade Est\u00e1cio de S\u00e1.<\/span><\/p>\n<\/div>\n\t\t<\/div><\/div><\/div><\/div><\/div>","protected":false},"excerpt":{"rendered":"<p>&nbsp; Com sede em S\u00e3o Paulo, capital, a Lopes &amp; Vasconcelos Sociedade de Advogados \u00e9 especialista em Direito Empresarial com foco na \u00e1rea societ\u00e1ria. Seu perfil din\u00e2mico, proativo e focado em resultados, contribui para alavancar a atividade empresarial de seus clientes em novos patamares com reconhecida excel\u00eancia. Dispomos dos mais atuais recursos tecnol\u00f3gicos e uma [&hellip;]<\/p>\n","protected":false},"author":1,"featured_media":0,"parent":0,"menu_order":0,"comment_status":"closed","ping_status":"closed","template":"page-templates\/template-builder.php","meta":{"footnotes":""},"class_list":["post-28","page","type-page","status-publish","hentry"],"_links":{"self":[{"href":"https:\/\/novadvogados.com.br\/site\/wp-json\/wp\/v2\/pages\/28","targetHints":{"allow":["GET"]}}],"collection":[{"href":"https:\/\/novadvogados.com.br\/site\/wp-json\/wp\/v2\/pages"}],"about":[{"href":"https:\/\/novadvogados.com.br\/site\/wp-json\/wp\/v2\/types\/page"}],"author":[{"embeddable":true,"href":"https:\/\/novadvogados.com.br\/site\/wp-json\/wp\/v2\/users\/1"}],"replies":[{"embeddable":true,"href":"https:\/\/novadvogados.com.br\/site\/wp-json\/wp\/v2\/comments?post=28"}],"version-history":[{"count":36,"href":"https:\/\/novadvogados.com.br\/site\/wp-json\/wp\/v2\/pages\/28\/revisions"}],"predecessor-version":[{"id":282,"href":"https:\/\/novadvogados.com.br\/site\/wp-json\/wp\/v2\/pages\/28\/revisions\/282"}],"wp:attachment":[{"href":"https:\/\/novadvogados.com.br\/site\/wp-json\/wp\/v2\/media?parent=28"}],"curies":[{"name":"wp","href":"https:\/\/api.w.org\/{rel}","templated":true}]}}