{"id":27,"date":"2018-07-16T11:15:00","date_gmt":"2018-07-16T11:15:00","guid":{"rendered":"http:\/\/demo.acmethemes.com\/lawyer-zone\/?page_id=154"},"modified":"2018-07-16T11:15:00","modified_gmt":"2018-07-16T11:15:00","slug":"practice-areas","status":"publish","type":"page","link":"https:\/\/novadvogados.com.br\/site\/practice-areas\/","title":{"rendered":"Practice Areas"},"content":{"rendered":"<div id=\"pl-27\"  class=\"panel-layout\" ><div id=\"pg-27-0\"  class=\"panel-grid panel-no-style\" ><div id=\"pgc-27-0-0\"  class=\"panel-grid-cell\" ><div id=\"panel-27-0-0-0\" class=\"so-panel widget widget_media_image panel-first-child\" data-index=\"0\" ><img loading=\"lazy\" decoding=\"async\" width=\"290\" height=\"70\" src=\"https:\/\/novadvogados.com.br\/site\/wp-content\/uploads\/2020\/06\/Logotipo_LopesVasconcelos.png\" class=\"image wp-image-147  attachment-full size-full\" alt=\"\" style=\"max-width: 100%; height: auto;\" \/><\/div><div id=\"panel-27-0-0-1\" class=\"so-panel widget widget_lawyer_zone_service panel-last-child\" data-index=\"1\" >            <section id=\"lawyer_zone_service-5\" class=\"at-widgets acme-services  normal\">\r\n                <div class=\"container\">\r\n\r\n\t\t\t\t\t                    <div class=\"row featured-entries-col featured-entries-logo\">\r\n\t\t\t\t\t\t                                    <div class=\"single-list col-sm-4 col-md-4 column\">\r\n                                        <div class=\"single-item init-animate zoomIn\">\r\n                                            <div class=\"icon clearfix\">\r\n\t\t\t\t\t\t\t\t\t\t\t\t<a href=\"https:\/\/novadvogados.com.br\/site\/empresarias\/\" class=\"all-link\"><i class=\"fa fa-suitcase\"><\/i><\/a>                                            <\/div>\r\n                                            <h3 class=\"title\">\r\n\t\t\t\t\t\t\t\t\t\t\t\t<a href=\"https:\/\/novadvogados.com.br\/site\/empresarias\/\" class=\"all-link\">Quando uma pessoa inaugura um neg\u00f3cio sem registros em \u00f3rg\u00e3os p\u00fablicos, ela torna-se empres\u00e1ria?<\/a>                                            <\/h3>\r\n\t\t\t\t\t\t\t\t\t\t\t                                        <\/div>\r\n                                    <\/div>\r\n\t\t\t\t\t\t\t\t\t                                    <div class=\"single-list col-sm-4 col-md-4 column\">\r\n                                        <div class=\"single-item init-animate zoomIn\">\r\n                                            <div class=\"icon clearfix\">\r\n\t\t\t\t\t\t\t\t\t\t\t\t<a href=\"https:\/\/novadvogados.com.br\/site\/participacaonoslucros\/\" class=\"all-link\"><i class=\"fa fa-suitcase\"><\/i><\/a>                                            <\/div>\r\n                                            <h3 class=\"title\">\r\n\t\t\t\t\t\t\t\t\t\t\t\t<a href=\"https:\/\/novadvogados.com.br\/site\/participacaonoslucros\/\" class=\"all-link\">S\u00f3cio que n\u00e3o participa da administra\u00e7\u00e3o da empresa tem direito a participa\u00e7\u00e3o nos lucros?<\/a>                                            <\/h3>\r\n\t\t\t\t\t\t\t\t\t\t\t                                        <\/div>\r\n                                    <\/div>\r\n\t\t\t\t\t\t\t\t\t                                    <div class=\"single-list col-sm-4 col-md-4 column\">\r\n                                        <div class=\"single-item init-animate zoomIn\">\r\n                                            <div class=\"icon clearfix\">\r\n\t\t\t\t\t\t\t\t\t\t\t\t<a href=\"https:\/\/novadvogados.com.br\/site\/gestaotributaria\/\" class=\"all-link\"><i class=\"fa fa-suitcase\"><\/i><\/a>                                            <\/div>\r\n                                            <h3 class=\"title\">\r\n\t\t\t\t\t\t\t\t\t\t\t\t<a href=\"https:\/\/novadvogados.com.br\/site\/gestaotributaria\/\" class=\"all-link\">Gest\u00e3o Tribut\u00e1ria<\/a>                                            <\/h3>\r\n\t\t\t\t\t\t\t\t\t\t\t                                        <\/div>\r\n                                    <\/div>\r\n\t\t\t\t\t\t\t\t\t<div class='clearfix'><\/div>                                    <div class=\"single-list col-sm-4 col-md-4 column\">\r\n                                        <div class=\"single-item init-animate zoomIn\">\r\n                                            <div class=\"icon clearfix\">\r\n\t\t\t\t\t\t\t\t\t\t\t\t<a href=\"https:\/\/novadvogados.com.br\/site\/duvidas\/\" class=\"all-link\"><i class=\"fa fa-suitcase\"><\/i><\/a>                                            <\/div>\r\n                                            <h3 class=\"title\">\r\n\t\t\t\t\t\t\t\t\t\t\t\t<a href=\"https:\/\/novadvogados.com.br\/site\/duvidas\/\" class=\"all-link\">D\u00favidas mais frequentes<\/a>                                            <\/h3>\r\n\t\t\t\t\t\t\t\t\t\t\t                                        <\/div>\r\n                                    <\/div>\r\n\t\t\t\t\t\t\t\t\t                    <\/div><!--row-->\r\n                <\/div><!--cointainer-->\r\n            <\/section>\r\n\t\t\t<\/div><\/div><\/div><\/div>","protected":false},"excerpt":{"rendered":"","protected":false},"author":1,"featured_media":0,"parent":0,"menu_order":0,"comment_status":"closed","ping_status":"closed","template":"page-templates\/template-builder.php","meta":{"footnotes":""},"class_list":["post-27","page","type-page","status-publish","hentry"],"_links":{"self":[{"href":"https:\/\/novadvogados.com.br\/site\/wp-json\/wp\/v2\/pages\/27","targetHints":{"allow":["GET"]}}],"collection":[{"href":"https:\/\/novadvogados.com.br\/site\/wp-json\/wp\/v2\/pages"}],"about":[{"href":"https:\/\/novadvogados.com.br\/site\/wp-json\/wp\/v2\/types\/page"}],"author":[{"embeddable":true,"href":"https:\/\/novadvogados.com.br\/site\/wp-json\/wp\/v2\/users\/1"}],"replies":[{"embeddable":true,"href":"https:\/\/novadvogados.com.br\/site\/wp-json\/wp\/v2\/comments?post=27"}],"version-history":[{"count":0,"href":"https:\/\/novadvogados.com.br\/site\/wp-json\/wp\/v2\/pages\/27\/revisions"}],"wp:attachment":[{"href":"https:\/\/novadvogados.com.br\/site\/wp-json\/wp\/v2\/media?parent=27"}],"curies":[{"name":"wp","href":"https:\/\/api.w.org\/{rel}","templated":true}]}}